{"id":1145,"date":"2022-02-06T22:03:58","date_gmt":"2022-02-06T19:03:58","guid":{"rendered":"https:\/\/bestcryptogambling.org\/?page_id=1145"},"modified":"2024-05-20T13:02:52","modified_gmt":"2024-05-20T10:02:52","slug":"utilisation-des-cookies","status":"publish","type":"page","link":"https:\/\/bestcryptogambling.org\/fr\/utilisation-des-cookies\/","title":{"rendered":"Cookies"},"content":{"rendered":"<p>&nbsp;<\/p>\n<h3><strong>Acceptation des cookies<\/strong><\/h3>\n<p>En continuant \u00e0 utiliser notre site web, Best Crypto Gambling, vous consentez \u00e0 ce que nous placions des cookies sur votre appareil, vous aidant ainsi \u00e0 naviguer et \u00e0 acc\u00e9der aux informations du site. Si vous ne souhaitez pas que nous placions des cookies sur votre appareil, \u00e9vitez d&rsquo;utiliser notre site web.<\/p>\n<p>&nbsp;<\/p>\n<h3><strong>Comprendre les cookies<\/strong><\/h3>\n<p>Les cookies sont des fichiers texte plac\u00e9s sur votre appareil lorsque vous utilisez un site web. Ils sont \u00e9galement couramment utilis\u00e9s pour am\u00e9liorer le fonctionnement des sites web et de leurs propri\u00e9taires en signalant les probl\u00e8mes li\u00e9s \u00e0 leur utilisation. Lorsque vous visitez \u00e0 nouveau le site web, vous n&rsquo;avez pas besoin de vous identifier \u00e0 nouveau ; vous pouvez facilement naviguer d&rsquo;une page \u00e0 l&rsquo;autre.<\/p>\n<p>&nbsp;<\/p>\n<h3><strong>Nos cookies sont utilis\u00e9s\u00a0<\/strong><\/h3>\n<ul>\n<li><strong>Cookies n\u00e9cessaires :<\/strong> Ils sont essentiels pour faciliter la navigation sur les sites compatibles. Les cookies n\u00e9cessaires assurent une navigation fluide en activant des fonctions. Le fait d&rsquo;\u00e9viter les cookies n\u00e9cessaires ruine l&rsquo;acc\u00e8s direct aux fonctionnalit\u00e9s.<\/li>\n<li><strong>Cookies de performance et d&rsquo;analyse :<\/strong> Ces cookies fournissent des informations sur vos actions sur le site web. Ils n&rsquo;informent pas l&rsquo;op\u00e9rateur de votre identit\u00e9. Ils indiquent comment maintenir un utilisateur sur le site et comment modifier les pages.<\/li>\n<li><strong>Cookies de fonctionnalit\u00e9 :<\/strong> Votre acc\u00e8s est reconnu par les cookies de fonctionnalit\u00e9 lorsque vous revenez sur notre site. Les cookies de fonctionnalit\u00e9 se souviennent de vos pr\u00e9f\u00e9rences, ce qui vous permet d&rsquo;acc\u00e9der \u00e0 un contenu bienvenu sans que l&rsquo;op\u00e9rateur ne vous demande votre nom.<\/li>\n<li><strong>Cookies de marketing :<\/strong> Ces cookies aident les utilisateurs du site \u00e0 am\u00e9liorer leur choix de produits en affichant la date et l&rsquo;heure des pages consult\u00e9es sur le site web.<\/li>\n<\/ul>\n<p>&nbsp;<\/p>\n<h3><strong>Gestion des cookies<\/strong><\/h3>\n<p>Acceptez ou refusez les cookies lorsque vous utilisez notre site. La plupart des navigateurs web acceptent automatiquement les cookies. Toutefois, vous avez le droit de les refuser si vous le souhaitez ; ce faisant, certaines fonctions pr\u00e9f\u00e9r\u00e9es peuvent \u00eatre verrouill\u00e9es. Notez que chaque navigateur g\u00e8re, supprime et refuse des param\u00e8tres de cookies diff\u00e9rents. Pour en savoir plus, consultez votre navigateur.<\/p>\n","protected":false},"excerpt":{"rendered":"<p>&nbsp; Acceptation des cookies En continuant \u00e0 utiliser notre site web, Best Crypto Gambling, vous consentez \u00e0 ce que nous placions des cookies sur votre appareil, vous aidant ainsi \u00e0 naviguer et \u00e0 acc\u00e9der aux informations du site. Si vous ne souhaitez pas que nous placions des cookies sur votre appareil, \u00e9vitez d&rsquo;utiliser notre site [&hellip;]<\/p>\n","protected":false},"author":1,"featured_media":0,"parent":0,"menu_order":0,"comment_status":"closed","ping_status":"closed","template":"","meta":{"inline_featured_image":false,"footnotes":""},"class_list":["post-1145","page","type-page","status-publish","hentry"],"acf":[],"yoast_head":"<!-- This site is optimized with the Yoast SEO plugin v26.9 - https:\/\/yoast.com\/product\/yoast-seo-wordpress\/ -->\n<title>Cookies - Best Crypto Gambling<\/title>\n<meta name=\"description\" content=\"Qu&#039;est-ce qu&#039;un cookie et \u00e0 quoi sert-il ? D\u00e9couvrez toutes les informations relatives \u00e0 la collecte de cookies sur notre site web\" \/>\n<meta name=\"robots\" content=\"index, follow, max-snippet:-1, max-image-preview:large, max-video-preview:-1\" \/>\n<link rel=\"canonical\" href=\"https:\/\/bestcryptogambling.org\/fr\/utilisation-des-cookies\/\" \/>\n<meta property=\"og:locale\" content=\"fr_FR\" \/>\n<meta property=\"og:type\" content=\"article\" \/>\n<meta property=\"og:title\" content=\"Cookies - Best Crypto Gambling\" \/>\n<meta property=\"og:description\" content=\"Qu&#039;est-ce qu&#039;un cookie et \u00e0 quoi sert-il ? D\u00e9couvrez toutes les informations relatives \u00e0 la collecte de cookies sur notre site web\" \/>\n<meta property=\"og:url\" content=\"https:\/\/bestcryptogambling.org\/fr\/utilisation-des-cookies\/\" \/>\n<meta property=\"og:site_name\" content=\"BestCryptoGambling.org\" \/>\n<meta property=\"article:modified_time\" content=\"2024-05-20T10:02:52+00:00\" \/>\n<meta name=\"twitter:card\" content=\"summary_large_image\" \/>\n<meta name=\"twitter:label1\" content=\"Dur\u00e9e de lecture estim\u00e9e\" \/>\n\t<meta name=\"twitter:data1\" content=\"2 minutes\" \/>\n<script type=\"application\/ld+json\" class=\"yoast-schema-graph\">{\"@context\":\"https:\/\/schema.org\",\"@graph\":[{\"@type\":\"WebPage\",\"@id\":\"https:\/\/bestcryptogambling.org\/fr\/utilisation-des-cookies\/\",\"url\":\"https:\/\/bestcryptogambling.org\/fr\/utilisation-des-cookies\/\",\"name\":\"Cookies - Best Crypto Gambling\",\"isPartOf\":{\"@id\":\"https:\/\/bestcryptogambling.org\/#website\"},\"datePublished\":\"2022-02-06T19:03:58+00:00\",\"dateModified\":\"2024-05-20T10:02:52+00:00\",\"description\":\"Qu'est-ce qu'un cookie et \u00e0 quoi sert-il ? D\u00e9couvrez toutes les informations relatives \u00e0 la collecte de cookies sur notre site web\",\"breadcrumb\":{\"@id\":\"https:\/\/bestcryptogambling.org\/fr\/utilisation-des-cookies\/#breadcrumb\"},\"inLanguage\":\"fr-FR\",\"potentialAction\":[{\"@type\":\"ReadAction\",\"target\":[\"https:\/\/bestcryptogambling.org\/fr\/utilisation-des-cookies\/\"]}]},{\"@type\":\"BreadcrumbList\",\"@id\":\"https:\/\/bestcryptogambling.org\/fr\/utilisation-des-cookies\/#breadcrumb\",\"itemListElement\":[{\"@type\":\"ListItem\",\"position\":1,\"name\":\"Main Page\",\"item\":\"https:\/\/bestcryptogambling.org\/fr\/\"},{\"@type\":\"ListItem\",\"position\":2,\"name\":\"Cookies\"}]},{\"@type\":\"WebSite\",\"@id\":\"https:\/\/bestcryptogambling.org\/#website\",\"url\":\"https:\/\/bestcryptogambling.org\/\",\"name\":\"BestCryptoGambling.org\",\"description\":\"BestCryptoGambling.org\",\"potentialAction\":[{\"@type\":\"SearchAction\",\"target\":{\"@type\":\"EntryPoint\",\"urlTemplate\":\"https:\/\/bestcryptogambling.org\/?s={search_term_string}\"},\"query-input\":{\"@type\":\"PropertyValueSpecification\",\"valueRequired\":true,\"valueName\":\"search_term_string\"}}],\"inLanguage\":\"fr-FR\"}]}<\/script>\n<!-- \/ Yoast SEO plugin. -->","yoast_head_json":{"title":"Cookies - Best Crypto Gambling","description":"Qu'est-ce qu'un cookie et \u00e0 quoi sert-il ? D\u00e9couvrez toutes les informations relatives \u00e0 la collecte de cookies sur notre site web","robots":{"index":"index","follow":"follow","max-snippet":"max-snippet:-1","max-image-preview":"max-image-preview:large","max-video-preview":"max-video-preview:-1"},"canonical":"https:\/\/bestcryptogambling.org\/fr\/utilisation-des-cookies\/","og_locale":"fr_FR","og_type":"article","og_title":"Cookies - Best Crypto Gambling","og_description":"Qu'est-ce qu'un cookie et \u00e0 quoi sert-il ? D\u00e9couvrez toutes les informations relatives \u00e0 la collecte de cookies sur notre site web","og_url":"https:\/\/bestcryptogambling.org\/fr\/utilisation-des-cookies\/","og_site_name":"BestCryptoGambling.org","article_modified_time":"2024-05-20T10:02:52+00:00","twitter_card":"summary_large_image","twitter_misc":{"Dur\u00e9e de lecture estim\u00e9e":"2 minutes"},"schema":{"@context":"https:\/\/schema.org","@graph":[{"@type":"WebPage","@id":"https:\/\/bestcryptogambling.org\/fr\/utilisation-des-cookies\/","url":"https:\/\/bestcryptogambling.org\/fr\/utilisation-des-cookies\/","name":"Cookies - Best Crypto Gambling","isPartOf":{"@id":"https:\/\/bestcryptogambling.org\/#website"},"datePublished":"2022-02-06T19:03:58+00:00","dateModified":"2024-05-20T10:02:52+00:00","description":"Qu'est-ce qu'un cookie et \u00e0 quoi sert-il ? D\u00e9couvrez toutes les informations relatives \u00e0 la collecte de cookies sur notre site web","breadcrumb":{"@id":"https:\/\/bestcryptogambling.org\/fr\/utilisation-des-cookies\/#breadcrumb"},"inLanguage":"fr-FR","potentialAction":[{"@type":"ReadAction","target":["https:\/\/bestcryptogambling.org\/fr\/utilisation-des-cookies\/"]}]},{"@type":"BreadcrumbList","@id":"https:\/\/bestcryptogambling.org\/fr\/utilisation-des-cookies\/#breadcrumb","itemListElement":[{"@type":"ListItem","position":1,"name":"Main Page","item":"https:\/\/bestcryptogambling.org\/fr\/"},{"@type":"ListItem","position":2,"name":"Cookies"}]},{"@type":"WebSite","@id":"https:\/\/bestcryptogambling.org\/#website","url":"https:\/\/bestcryptogambling.org\/","name":"BestCryptoGambling.org","description":"BestCryptoGambling.org","potentialAction":[{"@type":"SearchAction","target":{"@type":"EntryPoint","urlTemplate":"https:\/\/bestcryptogambling.org\/?s={search_term_string}"},"query-input":{"@type":"PropertyValueSpecification","valueRequired":true,"valueName":"search_term_string"}}],"inLanguage":"fr-FR"}]}},"_links":{"self":[{"href":"https:\/\/bestcryptogambling.org\/fr\/wp-json\/wp\/v2\/pages\/1145","targetHints":{"allow":["GET"]}}],"collection":[{"href":"https:\/\/bestcryptogambling.org\/fr\/wp-json\/wp\/v2\/pages"}],"about":[{"href":"https:\/\/bestcryptogambling.org\/fr\/wp-json\/wp\/v2\/types\/page"}],"author":[{"embeddable":true,"href":"https:\/\/bestcryptogambling.org\/fr\/wp-json\/wp\/v2\/users\/1"}],"replies":[{"embeddable":true,"href":"https:\/\/bestcryptogambling.org\/fr\/wp-json\/wp\/v2\/comments?post=1145"}],"version-history":[{"count":2,"href":"https:\/\/bestcryptogambling.org\/fr\/wp-json\/wp\/v2\/pages\/1145\/revisions"}],"predecessor-version":[{"id":1232,"href":"https:\/\/bestcryptogambling.org\/fr\/wp-json\/wp\/v2\/pages\/1145\/revisions\/1232"}],"wp:attachment":[{"href":"https:\/\/bestcryptogambling.org\/fr\/wp-json\/wp\/v2\/media?parent=1145"}],"curies":[{"name":"wp","href":"https:\/\/api.w.org\/{rel}","templated":true}]}}