{"id":1143,"date":"2022-04-15T12:01:21","date_gmt":"2022-04-15T09:01:21","guid":{"rendered":"https:\/\/bestcryptogambling.org\/?page_id=1143"},"modified":"2024-05-20T13:01:57","modified_gmt":"2024-05-20T10:01:57","slug":"conditions-dutilisation","status":"publish","type":"page","link":"https:\/\/bestcryptogambling.org\/fr\/conditions-dutilisation\/","title":{"rendered":"Conditions d&rsquo;utilisation"},"content":{"rendered":"<p>&nbsp;<\/p>\n<p>Bienvenue sur Best Crypto Gambling !<\/p>\n<p>Votre source d&rsquo;informations sur le crypto-gambling. L&rsquo;acc\u00e8s et l&rsquo;interaction avec le site impliquent automatiquement que vous acceptez et que vous agirez dans le strict respect de nos conditions d&rsquo;utilisation \u00e9num\u00e9r\u00e9es ci-apr\u00e8s.<\/p>\n<p>Clause de non-responsabilit\u00e9 et directives g\u00e9n\u00e9rales d&rsquo;utilisation du site :<\/p>\n<ul>\n<li><strong>Clause de non-responsabilit\u00e9 :<\/strong> Ce site web a \u00e9t\u00e9 con\u00e7u \u00e0 des fins d&rsquo;information et de divertissement. Aucune information contenue dans ce site n&rsquo;est destin\u00e9e \u00e0 servir de document officiel ou \u00e0 fournir un quelconque conseil juridique.<\/li>\n<li>Nous sommes <strong>une ressource totalement ind\u00e9pendante<\/strong> d&rsquo;informations exclusives, non li\u00e9es ou affili\u00e9es de quelque mani\u00e8re que ce soit aux plates-formes de jeux de hasard cryptographiques.<\/li>\n<li><strong>Responsabilit\u00e9 :<\/strong> Best Crypto Gambling assume l&rsquo;enti\u00e8re responsabilit\u00e9 de ses actes et n&rsquo;utilise le contenu de tiers qu&rsquo;en cas de n\u00e9cessit\u00e9.<\/li>\n<li><strong>Responsabilit\u00e9 de l&rsquo;utilisateur :<\/strong> Il est de la seule responsabilit\u00e9 de l&rsquo;utilisateur de se conformer aux juridictions de la r\u00e9glementation des jeux d&rsquo;argent. Les utilisateurs de notre site web sont donc assur\u00e9s qu&rsquo;\u00e0 tout moment, leurs droits l\u00e9gaux seront respect\u00e9s comme le dicte la loi.<\/li>\n<li><strong>Aucune garantie :<\/strong> Nous ne fournissons aucune garantie quant \u00e0 l&rsquo;actualit\u00e9 et \u00e0 l&rsquo;exhaustivit\u00e9 des informations fournies sur ce site ; ces informations doivent \u00eatre consid\u00e9r\u00e9es par les utilisateurs \u00e0 leur propre gr\u00e9.<\/li>\n<li><strong>Dommages :<\/strong> Nous ne sommes pas responsables des blessures, d\u00e9t\u00e9riorations ou pertes financi\u00e8res r\u00e9sultant de l&rsquo;utilisation de notre site.<\/li>\n<li><strong>Modifications du contenu :<\/strong> Les informations figurant sur notre site peuvent \u00eatre modifi\u00e9es fr\u00e9quemment en fonction de nouveaux d\u00e9veloppements ou de mises \u00e0 jour.<\/li>\n<li><strong>Propri\u00e9t\u00e9 intellectuelle :<\/strong> Le contenu de notre site est notre cr\u00e9ation et ne peut \u00eatre r\u00e9utilis\u00e9 sans notre autorisation explicite.<\/li>\n<li><strong>Restrictions :<\/strong> Nous nous r\u00e9servons le droit de limiter l&rsquo;acc\u00e8s et l&rsquo;utilisation de notre contenu.<\/li>\n<li><strong>Droits de propri\u00e9t\u00e9 intellectuelle :<\/strong> Des droits peuvent s&rsquo;appliquer \u00e0 la terminologie et aux documents accessibles par l&rsquo;interm\u00e9diaire de cette plateforme.<\/li>\n<li><strong>Exactitude :<\/strong> Nous garantissons l&rsquo;exactitude des informations pr\u00e9sent\u00e9es au moment de leur pr\u00e9sentation. En cas d&rsquo;inexactitude, veuillez nous contacter.<\/li>\n<li><strong>Suppression de contenu :<\/strong> Nous ne pouvons pas envisager le retrait de contenu du site si et quand cela est demand\u00e9. Toutes les choses approuv\u00e9es \u00e0 cet \u00e9gard le seront en examinant le contexte dans lequel elles ont \u00e9t\u00e9 utilis\u00e9es et le v\u00f4tre.<\/li>\n<li><strong>Votre conformit\u00e9 :<\/strong> En tant qu&rsquo;utilisateur de notre site, vous \u00eates tenu de respecter toutes les r\u00e8gles \u00e9nonc\u00e9es. En cas de non-conformit\u00e9, nous avons le droit de ne pas vous donner libre acc\u00e8s \u00e0 nos ressources ou \u00e0 nos informations.<\/li>\n<\/ul>\n","protected":false},"excerpt":{"rendered":"<p>&nbsp; Bienvenue sur Best Crypto Gambling ! Votre source d&rsquo;informations sur le crypto-gambling. L&rsquo;acc\u00e8s et l&rsquo;interaction avec le site impliquent automatiquement que vous acceptez et que vous agirez dans le strict respect de nos conditions d&rsquo;utilisation \u00e9num\u00e9r\u00e9es ci-apr\u00e8s. Clause de non-responsabilit\u00e9 et directives g\u00e9n\u00e9rales d&rsquo;utilisation du site : Clause de non-responsabilit\u00e9 : Ce site web [&hellip;]<\/p>\n","protected":false},"author":1,"featured_media":0,"parent":0,"menu_order":0,"comment_status":"closed","ping_status":"closed","template":"","meta":{"inline_featured_image":false,"footnotes":""},"class_list":["post-1143","page","type-page","status-publish","hentry"],"acf":[],"yoast_head":"<!-- This site is optimized with the Yoast SEO plugin v26.9 - https:\/\/yoast.com\/product\/yoast-seo-wordpress\/ -->\n<title>Conditions d&#039;utilisation - Best Crypto Gambling<\/title>\n<meta name=\"description\" content=\"Clause de non-responsabilit\u00e9 et conditions d&#039;utilisation. Pour en savoir plus sur les r\u00e8gles g\u00e9n\u00e9rales d&#039;utilisation du site, cliquez ici.\" \/>\n<meta name=\"robots\" content=\"index, follow, max-snippet:-1, max-image-preview:large, max-video-preview:-1\" \/>\n<link rel=\"canonical\" href=\"https:\/\/bestcryptogambling.org\/fr\/conditions-dutilisation\/\" \/>\n<meta property=\"og:locale\" content=\"fr_FR\" \/>\n<meta property=\"og:type\" content=\"article\" \/>\n<meta property=\"og:title\" content=\"Conditions d&#039;utilisation - Best Crypto Gambling\" \/>\n<meta property=\"og:description\" content=\"Clause de non-responsabilit\u00e9 et conditions d&#039;utilisation. Pour en savoir plus sur les r\u00e8gles g\u00e9n\u00e9rales d&#039;utilisation du site, cliquez ici.\" \/>\n<meta property=\"og:url\" content=\"https:\/\/bestcryptogambling.org\/fr\/conditions-dutilisation\/\" \/>\n<meta property=\"og:site_name\" content=\"BestCryptoGambling.org\" \/>\n<meta property=\"article:modified_time\" content=\"2024-05-20T10:01:57+00:00\" \/>\n<meta name=\"twitter:card\" content=\"summary_large_image\" \/>\n<meta name=\"twitter:label1\" content=\"Dur\u00e9e de lecture estim\u00e9e\" \/>\n\t<meta name=\"twitter:data1\" content=\"2 minutes\" \/>\n<script type=\"application\/ld+json\" class=\"yoast-schema-graph\">{\"@context\":\"https:\/\/schema.org\",\"@graph\":[{\"@type\":\"WebPage\",\"@id\":\"https:\/\/bestcryptogambling.org\/fr\/conditions-dutilisation\/\",\"url\":\"https:\/\/bestcryptogambling.org\/fr\/conditions-dutilisation\/\",\"name\":\"Conditions d'utilisation - Best Crypto Gambling\",\"isPartOf\":{\"@id\":\"https:\/\/bestcryptogambling.org\/#website\"},\"datePublished\":\"2022-04-15T09:01:21+00:00\",\"dateModified\":\"2024-05-20T10:01:57+00:00\",\"description\":\"Clause de non-responsabilit\u00e9 et conditions d'utilisation. Pour en savoir plus sur les r\u00e8gles g\u00e9n\u00e9rales d'utilisation du site, cliquez ici.\",\"breadcrumb\":{\"@id\":\"https:\/\/bestcryptogambling.org\/fr\/conditions-dutilisation\/#breadcrumb\"},\"inLanguage\":\"fr-FR\",\"potentialAction\":[{\"@type\":\"ReadAction\",\"target\":[\"https:\/\/bestcryptogambling.org\/fr\/conditions-dutilisation\/\"]}]},{\"@type\":\"BreadcrumbList\",\"@id\":\"https:\/\/bestcryptogambling.org\/fr\/conditions-dutilisation\/#breadcrumb\",\"itemListElement\":[{\"@type\":\"ListItem\",\"position\":1,\"name\":\"Main Page\",\"item\":\"https:\/\/bestcryptogambling.org\/fr\/\"},{\"@type\":\"ListItem\",\"position\":2,\"name\":\"Conditions d&#8217;utilisation\"}]},{\"@type\":\"WebSite\",\"@id\":\"https:\/\/bestcryptogambling.org\/#website\",\"url\":\"https:\/\/bestcryptogambling.org\/\",\"name\":\"BestCryptoGambling.org\",\"description\":\"BestCryptoGambling.org\",\"potentialAction\":[{\"@type\":\"SearchAction\",\"target\":{\"@type\":\"EntryPoint\",\"urlTemplate\":\"https:\/\/bestcryptogambling.org\/?s={search_term_string}\"},\"query-input\":{\"@type\":\"PropertyValueSpecification\",\"valueRequired\":true,\"valueName\":\"search_term_string\"}}],\"inLanguage\":\"fr-FR\"}]}<\/script>\n<!-- \/ Yoast SEO plugin. -->","yoast_head_json":{"title":"Conditions d'utilisation - Best Crypto Gambling","description":"Clause de non-responsabilit\u00e9 et conditions d'utilisation. Pour en savoir plus sur les r\u00e8gles g\u00e9n\u00e9rales d'utilisation du site, cliquez ici.","robots":{"index":"index","follow":"follow","max-snippet":"max-snippet:-1","max-image-preview":"max-image-preview:large","max-video-preview":"max-video-preview:-1"},"canonical":"https:\/\/bestcryptogambling.org\/fr\/conditions-dutilisation\/","og_locale":"fr_FR","og_type":"article","og_title":"Conditions d'utilisation - Best Crypto Gambling","og_description":"Clause de non-responsabilit\u00e9 et conditions d'utilisation. Pour en savoir plus sur les r\u00e8gles g\u00e9n\u00e9rales d'utilisation du site, cliquez ici.","og_url":"https:\/\/bestcryptogambling.org\/fr\/conditions-dutilisation\/","og_site_name":"BestCryptoGambling.org","article_modified_time":"2024-05-20T10:01:57+00:00","twitter_card":"summary_large_image","twitter_misc":{"Dur\u00e9e de lecture estim\u00e9e":"2 minutes"},"schema":{"@context":"https:\/\/schema.org","@graph":[{"@type":"WebPage","@id":"https:\/\/bestcryptogambling.org\/fr\/conditions-dutilisation\/","url":"https:\/\/bestcryptogambling.org\/fr\/conditions-dutilisation\/","name":"Conditions d'utilisation - Best Crypto Gambling","isPartOf":{"@id":"https:\/\/bestcryptogambling.org\/#website"},"datePublished":"2022-04-15T09:01:21+00:00","dateModified":"2024-05-20T10:01:57+00:00","description":"Clause de non-responsabilit\u00e9 et conditions d'utilisation. Pour en savoir plus sur les r\u00e8gles g\u00e9n\u00e9rales d'utilisation du site, cliquez ici.","breadcrumb":{"@id":"https:\/\/bestcryptogambling.org\/fr\/conditions-dutilisation\/#breadcrumb"},"inLanguage":"fr-FR","potentialAction":[{"@type":"ReadAction","target":["https:\/\/bestcryptogambling.org\/fr\/conditions-dutilisation\/"]}]},{"@type":"BreadcrumbList","@id":"https:\/\/bestcryptogambling.org\/fr\/conditions-dutilisation\/#breadcrumb","itemListElement":[{"@type":"ListItem","position":1,"name":"Main Page","item":"https:\/\/bestcryptogambling.org\/fr\/"},{"@type":"ListItem","position":2,"name":"Conditions d&#8217;utilisation"}]},{"@type":"WebSite","@id":"https:\/\/bestcryptogambling.org\/#website","url":"https:\/\/bestcryptogambling.org\/","name":"BestCryptoGambling.org","description":"BestCryptoGambling.org","potentialAction":[{"@type":"SearchAction","target":{"@type":"EntryPoint","urlTemplate":"https:\/\/bestcryptogambling.org\/?s={search_term_string}"},"query-input":{"@type":"PropertyValueSpecification","valueRequired":true,"valueName":"search_term_string"}}],"inLanguage":"fr-FR"}]}},"_links":{"self":[{"href":"https:\/\/bestcryptogambling.org\/fr\/wp-json\/wp\/v2\/pages\/1143","targetHints":{"allow":["GET"]}}],"collection":[{"href":"https:\/\/bestcryptogambling.org\/fr\/wp-json\/wp\/v2\/pages"}],"about":[{"href":"https:\/\/bestcryptogambling.org\/fr\/wp-json\/wp\/v2\/types\/page"}],"author":[{"embeddable":true,"href":"https:\/\/bestcryptogambling.org\/fr\/wp-json\/wp\/v2\/users\/1"}],"replies":[{"embeddable":true,"href":"https:\/\/bestcryptogambling.org\/fr\/wp-json\/wp\/v2\/comments?post=1143"}],"version-history":[{"count":2,"href":"https:\/\/bestcryptogambling.org\/fr\/wp-json\/wp\/v2\/pages\/1143\/revisions"}],"predecessor-version":[{"id":1231,"href":"https:\/\/bestcryptogambling.org\/fr\/wp-json\/wp\/v2\/pages\/1143\/revisions\/1231"}],"wp:attachment":[{"href":"https:\/\/bestcryptogambling.org\/fr\/wp-json\/wp\/v2\/media?parent=1143"}],"curies":[{"name":"wp","href":"https:\/\/api.w.org\/{rel}","templated":true}]}}