{"id":1136,"date":"2022-03-22T13:34:43","date_gmt":"2022-03-22T10:34:43","guid":{"rendered":"https:\/\/bestcryptogambling.org\/?page_id=1136"},"modified":"2024-05-20T13:01:42","modified_gmt":"2024-05-20T10:01:42","slug":"a-propos-de-nous","status":"publish","type":"page","link":"https:\/\/bestcryptogambling.org\/fr\/a-propos-de-nous\/","title":{"rendered":"\u00c0 propos de nous"},"content":{"rendered":"<p>&nbsp;<\/p>\n<p>Bienvenue sur Best Crypto Gambling &#8211; Votre guide ultime en ligne sur les crypto-monnaies et les jeux d&rsquo;argent au Canada.<\/p>\n<p>Best Crypto Gambling a pour but de vous fournir toutes les informations dont vous avez besoin sur les jeux de casino en ligne de crypto-monnaie au Canada, afin que vous puissiez jouer en toute confiance. Chez Best Crypto Gambling, nous nous engageons \u00e0 vous fournir les analyses et les informations les plus compl\u00e8tes sur le monde des jeux de crypto-monnaie au Canada. Notre plateforme est la plus fiable pour les joueurs int\u00e9ress\u00e9s par les jeux de casino en ligne utilisant des crypto-monnaies au Canada.<\/p>\n<p>&nbsp;<\/p>\n<h3><strong>Ce que nous faisons\u00a0<\/strong><\/h3>\n<ul>\n<li>Critiques de casinos : Examens d\u00e9taill\u00e9s de divers casinos cryptographiques bas\u00e9s sur des faits, y compris la diversit\u00e9 des jeux, la s\u00e9curit\u00e9 de la plate-forme, ainsi que l&rsquo;int\u00e9grit\u00e9 du service \u00e0 la client\u00e8le.<\/li>\n<li>Primes et promotions : Nous vous mettons en relation avec les casinos cryptographiques les plus recherch\u00e9s, les bonus sans d\u00e9p\u00f4t du Canada et d&rsquo;autres promotions pour maximiser votre exp\u00e9rience.<\/li>\n<li>Guides et strat\u00e9gies : Nos compilations de blackjack en ligne, de roulette en ligne et de jeux de machines \u00e0 sous gratuits bien document\u00e9s provenant de nombreuses plateformes feront de vous un professionnel sans effort.<\/li>\n<\/ul>\n<p>&nbsp;<\/p>\n<h3><strong>Pourquoi nous ?<\/strong><\/h3>\n<ul>\n<li>Une recherche \u00e9prouv\u00e9e : Nous collectons et analysons des donn\u00e9es dans le secteur des jeux de crypto-monnaie.<br \/>\nBas\u00e9 au Canada : Notre march\u00e9 cible est le Canada, nous ne ciblons donc que les joueurs de crypto-monnaie canadiens.<\/li>\n<li>S\u00fbr et fiable : Nous ne fournissons que des sites de casino s\u00e9curis\u00e9s et l\u00e9gaux sur le march\u00e9 des crypto-monnaies.<\/li>\n<\/ul>\n<p>&nbsp;<\/p>\n<h3><strong>Notre vision<\/strong><\/h3>\n<p>Devenir le centre de r\u00e9f\u00e9rence des casinos cryptographiques au Canada. Que vous soyez un fan de casino avec d\u00e9p\u00f4t de 1$ CA, de jeux de casino en ligne gratuits et amusants, ou que vous recherchiez le meilleur casino en ligne qui accepte les crypto-monnaies, Best Crypto Gambling vous met en valeur. Faites l&rsquo;exp\u00e9rience des meilleurs jeux de casino en ligne, en jouant \u00e0 des jeux gratuits et en jouant pour de vrai avec nous. D\u00e9couvrez ce qui fait le plaisir des jeux d&rsquo;argent canadiens avec des activit\u00e9s cryptographiques dans nos guides d\u00e9taill\u00e9s.<\/p>\n<p>Rejoignez-nous d\u00e8s aujourd&rsquo;hui sur Best Crypto Gambling et commencez \u00e0 profiter des jeux de crypto-monnaie au Canada en toute tranquillit\u00e9 d&rsquo;esprit. Jouez dans les meilleurs casinos cryptographiques ; jouez aux machines \u00e0 sous gratuites et aux jeux de machines \u00e0 sous r\u00e9els.<\/p>\n","protected":false},"excerpt":{"rendered":"<p>&nbsp; Bienvenue sur Best Crypto Gambling &#8211; Votre guide ultime en ligne sur les crypto-monnaies et les jeux d&rsquo;argent au Canada. Best Crypto Gambling a pour but de vous fournir toutes les informations dont vous avez besoin sur les jeux de casino en ligne de crypto-monnaie au Canada, afin que vous puissiez jouer en toute [&hellip;]<\/p>\n","protected":false},"author":1,"featured_media":0,"parent":0,"menu_order":0,"comment_status":"closed","ping_status":"closed","template":"","meta":{"inline_featured_image":false,"footnotes":""},"class_list":["post-1136","page","type-page","status-publish","hentry"],"acf":[],"yoast_head":"<!-- This site is optimized with the Yoast SEO plugin v26.9 - https:\/\/yoast.com\/product\/yoast-seo-wordpress\/ -->\n<title>\u00c0 propos de nous - Best Crypto Gambling<\/title>\n<meta name=\"description\" content=\"Pour en savoir plus, cliquez ici sur Best Crypto Gambling, un site web consacr\u00e9 aux revues de casinos cryptographiques au Canada.\" \/>\n<meta name=\"robots\" content=\"index, follow, max-snippet:-1, max-image-preview:large, max-video-preview:-1\" \/>\n<link rel=\"canonical\" href=\"https:\/\/bestcryptogambling.org\/fr\/a-propos-de-nous\/\" \/>\n<meta property=\"og:locale\" content=\"fr_FR\" \/>\n<meta property=\"og:type\" content=\"article\" \/>\n<meta property=\"og:title\" content=\"\u00c0 propos de nous - Best Crypto Gambling\" \/>\n<meta property=\"og:description\" content=\"Pour en savoir plus, cliquez ici sur Best Crypto Gambling, un site web consacr\u00e9 aux revues de casinos cryptographiques au Canada.\" \/>\n<meta property=\"og:url\" content=\"https:\/\/bestcryptogambling.org\/fr\/a-propos-de-nous\/\" \/>\n<meta property=\"og:site_name\" content=\"BestCryptoGambling.org\" \/>\n<meta property=\"article:modified_time\" content=\"2024-05-20T10:01:42+00:00\" \/>\n<meta name=\"twitter:card\" content=\"summary_large_image\" \/>\n<meta name=\"twitter:label1\" content=\"Dur\u00e9e de lecture estim\u00e9e\" \/>\n\t<meta name=\"twitter:data1\" content=\"2 minutes\" \/>\n<script type=\"application\/ld+json\" class=\"yoast-schema-graph\">{\"@context\":\"https:\/\/schema.org\",\"@graph\":[{\"@type\":\"WebPage\",\"@id\":\"https:\/\/bestcryptogambling.org\/fr\/a-propos-de-nous\/\",\"url\":\"https:\/\/bestcryptogambling.org\/fr\/a-propos-de-nous\/\",\"name\":\"\u00c0 propos de nous - Best Crypto Gambling\",\"isPartOf\":{\"@id\":\"https:\/\/bestcryptogambling.org\/#website\"},\"datePublished\":\"2022-03-22T10:34:43+00:00\",\"dateModified\":\"2024-05-20T10:01:42+00:00\",\"description\":\"Pour en savoir plus, cliquez ici sur Best Crypto Gambling, un site web consacr\u00e9 aux revues de casinos cryptographiques au Canada.\",\"breadcrumb\":{\"@id\":\"https:\/\/bestcryptogambling.org\/fr\/a-propos-de-nous\/#breadcrumb\"},\"inLanguage\":\"fr-FR\",\"potentialAction\":[{\"@type\":\"ReadAction\",\"target\":[\"https:\/\/bestcryptogambling.org\/fr\/a-propos-de-nous\/\"]}]},{\"@type\":\"BreadcrumbList\",\"@id\":\"https:\/\/bestcryptogambling.org\/fr\/a-propos-de-nous\/#breadcrumb\",\"itemListElement\":[{\"@type\":\"ListItem\",\"position\":1,\"name\":\"Main Page\",\"item\":\"https:\/\/bestcryptogambling.org\/fr\/\"},{\"@type\":\"ListItem\",\"position\":2,\"name\":\"\u00c0 propos de nous\"}]},{\"@type\":\"WebSite\",\"@id\":\"https:\/\/bestcryptogambling.org\/#website\",\"url\":\"https:\/\/bestcryptogambling.org\/\",\"name\":\"BestCryptoGambling.org\",\"description\":\"BestCryptoGambling.org\",\"potentialAction\":[{\"@type\":\"SearchAction\",\"target\":{\"@type\":\"EntryPoint\",\"urlTemplate\":\"https:\/\/bestcryptogambling.org\/?s={search_term_string}\"},\"query-input\":{\"@type\":\"PropertyValueSpecification\",\"valueRequired\":true,\"valueName\":\"search_term_string\"}}],\"inLanguage\":\"fr-FR\"}]}<\/script>\n<!-- \/ Yoast SEO plugin. -->","yoast_head_json":{"title":"\u00c0 propos de nous - Best Crypto Gambling","description":"Pour en savoir plus, cliquez ici sur Best Crypto Gambling, un site web consacr\u00e9 aux revues de casinos cryptographiques au Canada.","robots":{"index":"index","follow":"follow","max-snippet":"max-snippet:-1","max-image-preview":"max-image-preview:large","max-video-preview":"max-video-preview:-1"},"canonical":"https:\/\/bestcryptogambling.org\/fr\/a-propos-de-nous\/","og_locale":"fr_FR","og_type":"article","og_title":"\u00c0 propos de nous - Best Crypto Gambling","og_description":"Pour en savoir plus, cliquez ici sur Best Crypto Gambling, un site web consacr\u00e9 aux revues de casinos cryptographiques au Canada.","og_url":"https:\/\/bestcryptogambling.org\/fr\/a-propos-de-nous\/","og_site_name":"BestCryptoGambling.org","article_modified_time":"2024-05-20T10:01:42+00:00","twitter_card":"summary_large_image","twitter_misc":{"Dur\u00e9e de lecture estim\u00e9e":"2 minutes"},"schema":{"@context":"https:\/\/schema.org","@graph":[{"@type":"WebPage","@id":"https:\/\/bestcryptogambling.org\/fr\/a-propos-de-nous\/","url":"https:\/\/bestcryptogambling.org\/fr\/a-propos-de-nous\/","name":"\u00c0 propos de nous - Best Crypto Gambling","isPartOf":{"@id":"https:\/\/bestcryptogambling.org\/#website"},"datePublished":"2022-03-22T10:34:43+00:00","dateModified":"2024-05-20T10:01:42+00:00","description":"Pour en savoir plus, cliquez ici sur Best Crypto Gambling, un site web consacr\u00e9 aux revues de casinos cryptographiques au Canada.","breadcrumb":{"@id":"https:\/\/bestcryptogambling.org\/fr\/a-propos-de-nous\/#breadcrumb"},"inLanguage":"fr-FR","potentialAction":[{"@type":"ReadAction","target":["https:\/\/bestcryptogambling.org\/fr\/a-propos-de-nous\/"]}]},{"@type":"BreadcrumbList","@id":"https:\/\/bestcryptogambling.org\/fr\/a-propos-de-nous\/#breadcrumb","itemListElement":[{"@type":"ListItem","position":1,"name":"Main Page","item":"https:\/\/bestcryptogambling.org\/fr\/"},{"@type":"ListItem","position":2,"name":"\u00c0 propos de nous"}]},{"@type":"WebSite","@id":"https:\/\/bestcryptogambling.org\/#website","url":"https:\/\/bestcryptogambling.org\/","name":"BestCryptoGambling.org","description":"BestCryptoGambling.org","potentialAction":[{"@type":"SearchAction","target":{"@type":"EntryPoint","urlTemplate":"https:\/\/bestcryptogambling.org\/?s={search_term_string}"},"query-input":{"@type":"PropertyValueSpecification","valueRequired":true,"valueName":"search_term_string"}}],"inLanguage":"fr-FR"}]}},"_links":{"self":[{"href":"https:\/\/bestcryptogambling.org\/fr\/wp-json\/wp\/v2\/pages\/1136","targetHints":{"allow":["GET"]}}],"collection":[{"href":"https:\/\/bestcryptogambling.org\/fr\/wp-json\/wp\/v2\/pages"}],"about":[{"href":"https:\/\/bestcryptogambling.org\/fr\/wp-json\/wp\/v2\/types\/page"}],"author":[{"embeddable":true,"href":"https:\/\/bestcryptogambling.org\/fr\/wp-json\/wp\/v2\/users\/1"}],"replies":[{"embeddable":true,"href":"https:\/\/bestcryptogambling.org\/fr\/wp-json\/wp\/v2\/comments?post=1136"}],"version-history":[{"count":3,"href":"https:\/\/bestcryptogambling.org\/fr\/wp-json\/wp\/v2\/pages\/1136\/revisions"}],"predecessor-version":[{"id":1230,"href":"https:\/\/bestcryptogambling.org\/fr\/wp-json\/wp\/v2\/pages\/1136\/revisions\/1230"}],"wp:attachment":[{"href":"https:\/\/bestcryptogambling.org\/fr\/wp-json\/wp\/v2\/media?parent=1136"}],"curies":[{"name":"wp","href":"https:\/\/api.w.org\/{rel}","templated":true}]}}